{"id":9145,"date":"2026-01-10T23:00:41","date_gmt":"2026-01-10T23:00:41","guid":{"rendered":"https:\/\/hotelresidenciadelsol.com\/?page_id=9145"},"modified":"2026-02-21T20:39:30","modified_gmt":"2026-02-21T20:39:30","slug":"jr-suite-jardin-doble","status":"publish","type":"page","link":"https:\/\/hotelresidenciadelsol.com\/en\/jr-suite-jardin-doble\/","title":{"rendered":"Jr Suite Jard\u00edn"},"content":{"rendered":"<div data-elementor-type=\"wp-page\" data-elementor-id=\"9145\" class=\"elementor elementor-9145\" data-elementor-post-type=\"page\">\n\t\t\t\t<div class=\"elementor-element elementor-element-7442100 e-con-full e-flex e-con e-parent\" data-id=\"7442100\" data-element_type=\"container\">\n\t\t\t\t<div class=\"elementor-element elementor-element-cdf620f elementor--h-position-center elementor--v-position-middle elementor-arrows-position-inside elementor-pagination-position-inside elementor-widget elementor-widget-slides\" data-id=\"cdf620f\" data-element_type=\"widget\" data-settings=\"{&quot;navigation&quot;:&quot;both&quot;,&quot;autoplay&quot;:&quot;yes&quot;,&quot;pause_on_hover&quot;:&quot;yes&quot;,&quot;pause_on_interaction&quot;:&quot;yes&quot;,&quot;autoplay_speed&quot;:5000,&quot;infinite&quot;:&quot;yes&quot;,&quot;transition&quot;:&quot;slide&quot;,&quot;transition_speed&quot;:500}\" data-widget_type=\"slides.default\">\n\t\t\t\t\t\t\t\t\t\t<div class=\"elementor-slides-wrapper elementor-main-swiper swiper\" role=\"region\" aria-roledescription=\"carousel\" aria-label=\"Slides\" dir=\"ltr\" data-animation=\"fadeInUp\">\n\t\t\t\t<div class=\"swiper-wrapper elementor-slides\">\n\t\t\t\t\t\t\t\t\t\t<div class=\"elementor-repeater-item-1ffd35b swiper-slide\" role=\"group\" aria-roledescription=\"slide\"><div class=\"swiper-slide-bg\" role=\"img\" aria-label=\"Garden Junior Suite (Double)\"><\/div><a class=\"swiper-slide-inner\" href=\"\/en\/home-page-01\/\"><div class=\"swiper-slide-contents\"><div class=\"elementor-slide-heading\">Jr Suite Jard\u00edn <\/div><div  class=\"elementor-button elementor-slide-button elementor-size-sm\">Home<\/div><\/div><\/a><\/div>\t\t\t\t<\/div>\n\t\t\t\t\t\t\t<\/div>\n\t\t\t\t\t\t\t\t<\/div>\n\t\t<div class=\"elementor-element elementor-element-91c207d e-flex e-con-boxed e-con e-child\" data-id=\"91c207d\" data-element_type=\"container\">\n\t\t\t\t\t<div class=\"e-con-inner\">\n\t\t\t\t<div class=\"elementor-element elementor-element-6a5a86a elementor-widget elementor-widget-heading\" data-id=\"6a5a86a\" data-element_type=\"widget\" data-widget_type=\"heading.default\">\n\t\t\t\t\t<h2 class=\"elementor-heading-title elementor-size-default\">Jr Suite Jard\u00edn<\/h2>\t\t\t\t<\/div>\n\t\t\t\t<div class=\"elementor-element elementor-element-6a8facd elementor-widget elementor-widget-heading\" data-id=\"6a8facd\" data-element_type=\"widget\" data-widget_type=\"heading.default\">\n\t\t\t\t\t<h2 class=\"elementor-heading-title elementor-size-default\">Amplias habitaciones con acceso directo a un jard\u00edn interior, dise\u00f1adas para ofrecer privacidad y confort, con terrazas que invitan al descanso.\n\nCada Junior Suite Jard\u00edn cuenta con una o dos camas matrimoniales, con una ocupaci\u00f3n m\u00e1xima de dos o cuatro personas.<br><br>\n\n<strong>Services and Amenities:<\/strong><br>\n\u2022 Complimentary Wi-Fi<br>\n\u2022 Smart TV<br>\n\u2022 Air conditioning\n<\/h2>\t\t\t\t<\/div>\n\t\t\t\t<div class=\"elementor-element elementor-element-e9d4a57 elementor-widget elementor-widget-html\" data-id=\"e9d4a57\" data-element_type=\"widget\" data-widget_type=\"html.default\">\n\t\t\t\t\t<script src=\"https:\/\/hotels.cloudbeds.com\/widget\/load\/Q5qlmO\/horiz?newWindow=1\"><\/script>\t\t\t\t<\/div>\n\t\t\t\t<div class=\"elementor-element elementor-element-f24f2db elementor-widget elementor-widget-gallery\" data-id=\"f24f2db\" data-element_type=\"widget\" data-settings=\"{&quot;columns&quot;:3,&quot;aspect_ratio&quot;:&quot;1:1&quot;,&quot;lazyload&quot;:&quot;yes&quot;,&quot;gallery_layout&quot;:&quot;grid&quot;,&quot;columns_tablet&quot;:2,&quot;columns_mobile&quot;:1,&quot;gap&quot;:{&quot;unit&quot;:&quot;px&quot;,&quot;size&quot;:10,&quot;sizes&quot;:[]},&quot;gap_tablet&quot;:{&quot;unit&quot;:&quot;px&quot;,&quot;size&quot;:10,&quot;sizes&quot;:[]},&quot;gap_mobile&quot;:{&quot;unit&quot;:&quot;px&quot;,&quot;size&quot;:10,&quot;sizes&quot;:[]},&quot;link_to&quot;:&quot;file&quot;,&quot;overlay_background&quot;:&quot;yes&quot;,&quot;content_hover_animation&quot;:&quot;fade-in&quot;}\" data-widget_type=\"gallery.default\">\n\t\t\t\t\t\t\t<div class=\"elementor-gallery__container\">\n\t\t\t\t\t\t\t<a class=\"e-gallery-item elementor-gallery-item elementor-animated-content\" href=\"https:\/\/hotelresidenciadelsol.com\/wp-content\/uploads\/2026\/01\/WhatsApp-Image-2026-01-10-at-22.28.463.jpeg\" data-elementor-open-lightbox=\"yes\" data-elementor-lightbox-slideshow=\"f24f2db\" data-elementor-lightbox-title=\"Jr Suite Jard\u00edn (Double Double) 02\" data-e-action-hash=\"#elementor-action%3Aaction%3Dlightbox%26settings%3DeyJpZCI6OTIyMSwidXJsIjoiaHR0cHM6XC9cL2hvdGVscmVzaWRlbmNpYWRlbHNvbC5jb21cL3dwLWNvbnRlbnRcL3VwbG9hZHNcLzIwMjZcLzAxXC9XaGF0c0FwcC1JbWFnZS0yMDI2LTAxLTEwLWF0LTIyLjI4LjQ2My5qcGVnIiwic2xpZGVzaG93IjoiZjI0ZjJkYiJ9\">\n\t\t\t\t\t<div class=\"e-gallery-image elementor-gallery-item__image\" data-thumbnail=\"https:\/\/hotelresidenciadelsol.com\/wp-content\/uploads\/2026\/01\/WhatsApp-Image-2026-01-10-at-22.28.463.jpeg\" data-width=\"1200\" data-height=\"1600\" aria-label=\"\" role=\"img\" ><\/div>\n\t\t\t\t\t\t\t\t\t\t\t<div class=\"elementor-gallery-item__overlay\"><\/div>\n\t\t\t\t\t\t\t\t\t\t\t\t\t\t<\/a>\n\t\t\t\t\t\t\t<a class=\"e-gallery-item elementor-gallery-item elementor-animated-content\" href=\"https:\/\/hotelresidenciadelsol.com\/wp-content\/uploads\/2026\/01\/whatsapp_image_2025-12-20_at_12.40.21_pm_1_gallery694b701619454.jpeg\" data-elementor-open-lightbox=\"yes\" data-elementor-lightbox-slideshow=\"f24f2db\" data-elementor-lightbox-title=\"Jr Suite Jard\u00edn Doble\" data-e-action-hash=\"#elementor-action%3Aaction%3Dlightbox%26settings%3DeyJpZCI6OTE0OCwidXJsIjoiaHR0cHM6XC9cL2hvdGVscmVzaWRlbmNpYWRlbHNvbC5jb21cL3dwLWNvbnRlbnRcL3VwbG9hZHNcLzIwMjZcLzAxXC93aGF0c2FwcF9pbWFnZV8yMDI1LTEyLTIwX2F0XzEyLjQwLjIxX3BtXzFfZ2FsbGVyeTY5NGI3MDE2MTk0NTQuanBlZyIsInNsaWRlc2hvdyI6ImYyNGYyZGIifQ%3D%3D\">\n\t\t\t\t\t<div class=\"e-gallery-image elementor-gallery-item__image\" data-thumbnail=\"https:\/\/hotelresidenciadelsol.com\/wp-content\/uploads\/2026\/01\/whatsapp_image_2025-12-20_at_12.40.21_pm_1_gallery694b701619454.jpeg\" data-width=\"700\" data-height=\"490\" aria-label=\"\" role=\"img\" ><\/div>\n\t\t\t\t\t\t\t\t\t\t\t<div class=\"elementor-gallery-item__overlay\"><\/div>\n\t\t\t\t\t\t\t\t\t\t\t\t\t\t<\/a>\n\t\t\t\t\t\t\t<a class=\"e-gallery-item elementor-gallery-item elementor-animated-content\" href=\"https:\/\/hotelresidenciadelsol.com\/wp-content\/uploads\/2026\/01\/whatsapp_image_2025-12-20_at_12.41.41_pm_featured694b6df490910.jpeg\" data-elementor-open-lightbox=\"yes\" data-elementor-lightbox-slideshow=\"f24f2db\" data-elementor-lightbox-title=\"Jr Suite Jard\u00edn Doble 02\" data-e-action-hash=\"#elementor-action%3Aaction%3Dlightbox%26settings%3DeyJpZCI6OTE0OSwidXJsIjoiaHR0cHM6XC9cL2hvdGVscmVzaWRlbmNpYWRlbHNvbC5jb21cL3dwLWNvbnRlbnRcL3VwbG9hZHNcLzIwMjZcLzAxXC93aGF0c2FwcF9pbWFnZV8yMDI1LTEyLTIwX2F0XzEyLjQxLjQxX3BtX2ZlYXR1cmVkNjk0YjZkZjQ5MDkxMC5qcGVnIiwic2xpZGVzaG93IjoiZjI0ZjJkYiJ9\">\n\t\t\t\t\t<div class=\"e-gallery-image elementor-gallery-item__image\" data-thumbnail=\"https:\/\/hotelresidenciadelsol.com\/wp-content\/uploads\/2026\/01\/whatsapp_image_2025-12-20_at_12.41.41_pm_featured694b6df490910.jpeg\" data-width=\"700\" data-height=\"490\" aria-label=\"\" role=\"img\" ><\/div>\n\t\t\t\t\t\t\t\t\t\t\t<div class=\"elementor-gallery-item__overlay\"><\/div>\n\t\t\t\t\t\t\t\t\t\t\t\t\t\t<\/a>\n\t\t\t\t\t\t\t<a class=\"e-gallery-item elementor-gallery-item elementor-animated-content\" href=\"https:\/\/hotelresidenciadelsol.com\/wp-content\/uploads\/2026\/01\/whatsapp_image_2025-12-20_at_12.39.56_pm_gallery694b6e1acaa72.jpeg\" data-elementor-open-lightbox=\"yes\" data-elementor-lightbox-slideshow=\"f24f2db\" data-elementor-lightbox-title=\"Jr Suite Jard\u00edn Doble 01\" data-e-action-hash=\"#elementor-action%3Aaction%3Dlightbox%26settings%3DeyJpZCI6OTE0NywidXJsIjoiaHR0cHM6XC9cL2hvdGVscmVzaWRlbmNpYWRlbHNvbC5jb21cL3dwLWNvbnRlbnRcL3VwbG9hZHNcLzIwMjZcLzAxXC93aGF0c2FwcF9pbWFnZV8yMDI1LTEyLTIwX2F0XzEyLjM5LjU2X3BtX2dhbGxlcnk2OTRiNmUxYWNhYTcyLmpwZWciLCJzbGlkZXNob3ciOiJmMjRmMmRiIn0%3D\">\n\t\t\t\t\t<div class=\"e-gallery-image elementor-gallery-item__image\" data-thumbnail=\"https:\/\/hotelresidenciadelsol.com\/wp-content\/uploads\/2026\/01\/whatsapp_image_2025-12-20_at_12.39.56_pm_gallery694b6e1acaa72.jpeg\" data-width=\"700\" data-height=\"490\" aria-label=\"\" role=\"img\" ><\/div>\n\t\t\t\t\t\t\t\t\t\t\t<div class=\"elementor-gallery-item__overlay\"><\/div>\n\t\t\t\t\t\t\t\t\t\t\t\t\t\t<\/a>\n\t\t\t\t\t<\/div>\n\t\t\t\t\t<\/div>\n\t\t<div class=\"elementor-element elementor-element-ec55f1b e-con-full e-flex e-con e-child\" data-id=\"ec55f1b\" data-element_type=\"container\">\n\t\t\t\t<div class=\"elementor-element elementor-element-9e764ef elementor-widget elementor-widget-html\" data-id=\"9e764ef\" data-element_type=\"widget\" data-widget_type=\"html.default\">\n\t\t\t\t\t<a href=\"https:\/\/wa.me\/50252130293\" target=\"_blank\" class=\"whatsapp-float\">\n  <img decoding=\"async\" src=\"https:\/\/upload.wikimedia.org\/wikipedia\/commons\/6\/6b\/WhatsApp.svg\" alt=\"WhatsApp\" \/>\n<\/a>\t\t\t\t<\/div>\n\t\t\t\t<\/div>\n\t\t\t\t\t<\/div>\n\t\t\t\t<\/div>\n\t\t\t\t<\/div>\n\t\t\t\t<\/div>","protected":false},"excerpt":{"rendered":"<p>Jr Suite Jard\u00edn Inicio Jr Suite Jard\u00edn Amplias habitaciones con acceso directo a un jard\u00edn interior, dise\u00f1adas para ofrecer privacidad y confort, con terrazas que invitan al descanso. Cada Junior Suite Jard\u00edn cuenta con una o dos camas matrimoniales, con una ocupaci\u00f3n m\u00e1xima de dos o cuatro personas. Servicios y comodidades: \u2022 Wi-Fi gratuito \u2022 [&hellip;]<\/p>","protected":false},"author":1,"featured_media":0,"parent":0,"menu_order":0,"comment_status":"closed","ping_status":"closed","template":"elementor_header_footer","meta":{"footnotes":""},"class_list":["post-9145","page","type-page","status-publish","hentry"],"_hostinger_reach_plugin_has_subscription_block":false,"_hostinger_reach_plugin_is_elementor":false,"_links":{"self":[{"href":"https:\/\/hotelresidenciadelsol.com\/en\/wp-json\/wp\/v2\/pages\/9145","targetHints":{"allow":["GET"]}}],"collection":[{"href":"https:\/\/hotelresidenciadelsol.com\/en\/wp-json\/wp\/v2\/pages"}],"about":[{"href":"https:\/\/hotelresidenciadelsol.com\/en\/wp-json\/wp\/v2\/types\/page"}],"author":[{"embeddable":true,"href":"https:\/\/hotelresidenciadelsol.com\/en\/wp-json\/wp\/v2\/users\/1"}],"replies":[{"embeddable":true,"href":"https:\/\/hotelresidenciadelsol.com\/en\/wp-json\/wp\/v2\/comments?post=9145"}],"version-history":[{"count":23,"href":"https:\/\/hotelresidenciadelsol.com\/en\/wp-json\/wp\/v2\/pages\/9145\/revisions"}],"predecessor-version":[{"id":9330,"href":"https:\/\/hotelresidenciadelsol.com\/en\/wp-json\/wp\/v2\/pages\/9145\/revisions\/9330"}],"wp:attachment":[{"href":"https:\/\/hotelresidenciadelsol.com\/en\/wp-json\/wp\/v2\/media?parent=9145"}],"curies":[{"name":"wp","href":"https:\/\/api.w.org\/{rel}","templated":true}]}}