{"id":9129,"date":"2026-01-10T21:31:59","date_gmt":"2026-01-10T21:31:59","guid":{"rendered":"https:\/\/hotelresidenciadelsol.com\/?page_id=9129"},"modified":"2026-02-21T20:39:04","modified_gmt":"2026-02-21T20:39:04","slug":"habitacion-ejecutiva-doble","status":"publish","type":"page","link":"https:\/\/hotelresidenciadelsol.com\/en\/habitacion-ejecutiva-doble\/","title":{"rendered":"Habitaci\u00f3n Ejecutiva"},"content":{"rendered":"<div data-elementor-type=\"wp-page\" data-elementor-id=\"9129\" class=\"elementor elementor-9129\" data-elementor-post-type=\"page\">\n\t\t\t\t<div class=\"elementor-element elementor-element-b17df5d e-con-full e-flex e-con e-parent\" data-id=\"b17df5d\" data-element_type=\"container\">\n\t\t\t\t<div class=\"elementor-element elementor-element-e6c0992 elementor--h-position-center elementor--v-position-middle elementor-arrows-position-inside elementor-pagination-position-inside elementor-widget elementor-widget-slides\" data-id=\"e6c0992\" data-element_type=\"widget\" data-settings=\"{&quot;navigation&quot;:&quot;both&quot;,&quot;autoplay&quot;:&quot;yes&quot;,&quot;pause_on_hover&quot;:&quot;yes&quot;,&quot;pause_on_interaction&quot;:&quot;yes&quot;,&quot;autoplay_speed&quot;:5000,&quot;infinite&quot;:&quot;yes&quot;,&quot;transition&quot;:&quot;slide&quot;,&quot;transition_speed&quot;:500}\" data-widget_type=\"slides.default\">\n\t\t\t\t\t\t\t\t\t\t<div class=\"elementor-slides-wrapper elementor-main-swiper swiper\" role=\"region\" aria-roledescription=\"carousel\" aria-label=\"Slides\" dir=\"ltr\" data-animation=\"fadeInUp\">\n\t\t\t\t<div class=\"swiper-wrapper elementor-slides\">\n\t\t\t\t\t\t\t\t\t\t<div class=\"elementor-repeater-item-e5292ce swiper-slide\" role=\"group\" aria-roledescription=\"slide\"><div class=\"swiper-slide-bg\" role=\"img\" aria-label=\"Habitaci\u00f3n Ejecutiva Doble 01\"><\/div><a class=\"swiper-slide-inner\" href=\"\/en\/home-page-01\/\"><div class=\"swiper-slide-contents\"><div class=\"elementor-slide-heading\">Habitaci\u00f3n Ejecutiva<\/div><div  class=\"elementor-button elementor-slide-button elementor-size-sm\">Home<\/div><\/div><\/a><\/div>\t\t\t\t<\/div>\n\t\t\t\t\t\t\t<\/div>\n\t\t\t\t\t\t\t\t<\/div>\n\t\t<div class=\"elementor-element elementor-element-db682c0 e-flex e-con-boxed e-con e-child\" data-id=\"db682c0\" data-element_type=\"container\">\n\t\t\t\t\t<div class=\"e-con-inner\">\n\t\t\t\t<div class=\"elementor-element elementor-element-c67bf27 elementor-widget elementor-widget-heading\" data-id=\"c67bf27\" data-element_type=\"widget\" data-widget_type=\"heading.default\">\n\t\t\t\t\t<h2 class=\"elementor-heading-title elementor-size-default\">Habitaci\u00f3n Ejecutiva<\/h2>\t\t\t\t<\/div>\n\t\t\t\t<div class=\"elementor-element elementor-element-0f08e97 elementor-widget elementor-widget-heading\" data-id=\"0f08e97\" data-element_type=\"widget\" data-widget_type=\"heading.default\">\n\t\t\t\t\t<h2 class=\"elementor-heading-title elementor-size-default\">Amplias habitaciones dise\u00f1adas para ofrecer privacidad y confort durante tu estad\u00eda.\n\nCada Habitaci\u00f3n Ejecutiva cuenta con una o dos camas matrimoniales, con una ocupaci\u00f3n m\u00e1xima de dos o cuatro personas.<br><br>\n\n<strong>Services and Amenities:<\/strong><br>\n\u2022 Complimentary Wi-Fi<br>\n\u2022 Smart TV\n\n<\/h2>\t\t\t\t<\/div>\n\t\t\t\t<div class=\"elementor-element elementor-element-38c26a1 elementor-widget elementor-widget-html\" data-id=\"38c26a1\" data-element_type=\"widget\" data-widget_type=\"html.default\">\n\t\t\t\t\t<script src=\"https:\/\/hotels.cloudbeds.com\/widget\/load\/Q5qlmO\/horiz?newWindow=1\"><\/script>\t\t\t\t<\/div>\n\t\t\t\t<div class=\"elementor-element elementor-element-6339c8e elementor-widget elementor-widget-gallery\" data-id=\"6339c8e\" data-element_type=\"widget\" data-settings=\"{&quot;aspect_ratio&quot;:&quot;1:1&quot;,&quot;lazyload&quot;:&quot;yes&quot;,&quot;gallery_layout&quot;:&quot;grid&quot;,&quot;columns&quot;:4,&quot;columns_tablet&quot;:2,&quot;columns_mobile&quot;:1,&quot;gap&quot;:{&quot;unit&quot;:&quot;px&quot;,&quot;size&quot;:10,&quot;sizes&quot;:[]},&quot;gap_tablet&quot;:{&quot;unit&quot;:&quot;px&quot;,&quot;size&quot;:10,&quot;sizes&quot;:[]},&quot;gap_mobile&quot;:{&quot;unit&quot;:&quot;px&quot;,&quot;size&quot;:10,&quot;sizes&quot;:[]},&quot;link_to&quot;:&quot;file&quot;,&quot;overlay_background&quot;:&quot;yes&quot;,&quot;content_hover_animation&quot;:&quot;fade-in&quot;}\" data-widget_type=\"gallery.default\">\n\t\t\t\t\t\t\t<div class=\"elementor-gallery__container\">\n\t\t\t\t\t\t\t<a class=\"e-gallery-item elementor-gallery-item elementor-animated-content\" href=\"https:\/\/hotelresidenciadelsol.com\/wp-content\/uploads\/2025\/10\/Habitacion_5-scaled.jpg\" data-elementor-open-lightbox=\"yes\" data-elementor-lightbox-slideshow=\"6339c8e\" data-elementor-lightbox-title=\"Habitaci\u00f3n Ejecutiva Doble 01\" data-e-action-hash=\"#elementor-action%3Aaction%3Dlightbox%26settings%3DeyJpZCI6ODc3MCwidXJsIjoiaHR0cHM6XC9cL2hvdGVscmVzaWRlbmNpYWRlbHNvbC5jb21cL3dwLWNvbnRlbnRcL3VwbG9hZHNcLzIwMjVcLzEwXC9IYWJpdGFjaW9uXzUtc2NhbGVkLmpwZyIsInNsaWRlc2hvdyI6IjYzMzljOGUifQ%3D%3D\">\n\t\t\t\t\t<div class=\"e-gallery-image elementor-gallery-item__image\" data-thumbnail=\"https:\/\/hotelresidenciadelsol.com\/wp-content\/uploads\/2025\/10\/Habitacion_5-1024x621.jpg\" data-width=\"640\" data-height=\"388\" aria-label=\"\" role=\"img\" ><\/div>\n\t\t\t\t\t\t\t\t\t\t\t<div class=\"elementor-gallery-item__overlay\"><\/div>\n\t\t\t\t\t\t\t\t\t\t\t\t\t\t<\/a>\n\t\t\t\t\t\t\t<a class=\"e-gallery-item elementor-gallery-item elementor-animated-content\" href=\"https:\/\/hotelresidenciadelsol.com\/wp-content\/uploads\/2025\/10\/Habitacion_7-scaled.jpg\" data-elementor-open-lightbox=\"yes\" data-elementor-lightbox-slideshow=\"6339c8e\" data-elementor-lightbox-title=\"Habitacion_7\" data-e-action-hash=\"#elementor-action%3Aaction%3Dlightbox%26settings%3DeyJpZCI6ODc3MiwidXJsIjoiaHR0cHM6XC9cL2hvdGVscmVzaWRlbmNpYWRlbHNvbC5jb21cL3dwLWNvbnRlbnRcL3VwbG9hZHNcLzIwMjVcLzEwXC9IYWJpdGFjaW9uXzctc2NhbGVkLmpwZyIsInNsaWRlc2hvdyI6IjYzMzljOGUifQ%3D%3D\">\n\t\t\t\t\t<div class=\"e-gallery-image elementor-gallery-item__image\" data-thumbnail=\"https:\/\/hotelresidenciadelsol.com\/wp-content\/uploads\/2025\/10\/Habitacion_7-1024x683.jpg\" data-width=\"640\" data-height=\"427\" aria-label=\"\" role=\"img\" ><\/div>\n\t\t\t\t\t\t\t\t\t\t\t<div class=\"elementor-gallery-item__overlay\"><\/div>\n\t\t\t\t\t\t\t\t\t\t\t\t\t\t<\/a>\n\t\t\t\t\t\t\t<a class=\"e-gallery-item elementor-gallery-item elementor-animated-content\" href=\"https:\/\/hotelresidenciadelsol.com\/wp-content\/uploads\/2025\/10\/Habitacion_12-scaled.jpg\" data-elementor-open-lightbox=\"yes\" data-elementor-lightbox-slideshow=\"6339c8e\" data-elementor-lightbox-title=\"Habitaci\u00f3n Ejecutiva (Double Double) 03\" data-e-action-hash=\"#elementor-action%3Aaction%3Dlightbox%26settings%3DeyJpZCI6ODc3NywidXJsIjoiaHR0cHM6XC9cL2hvdGVscmVzaWRlbmNpYWRlbHNvbC5jb21cL3dwLWNvbnRlbnRcL3VwbG9hZHNcLzIwMjVcLzEwXC9IYWJpdGFjaW9uXzEyLXNjYWxlZC5qcGciLCJzbGlkZXNob3ciOiI2MzM5YzhlIn0%3D\">\n\t\t\t\t\t<div class=\"e-gallery-image elementor-gallery-item__image\" data-thumbnail=\"https:\/\/hotelresidenciadelsol.com\/wp-content\/uploads\/2025\/10\/Habitacion_12-1024x683.jpg\" data-width=\"640\" data-height=\"427\" aria-label=\"\" role=\"img\" ><\/div>\n\t\t\t\t\t\t\t\t\t\t\t<div class=\"elementor-gallery-item__overlay\"><\/div>\n\t\t\t\t\t\t\t\t\t\t\t\t\t\t<\/a>\n\t\t\t\t\t\t\t<a class=\"e-gallery-item elementor-gallery-item elementor-animated-content\" href=\"https:\/\/hotelresidenciadelsol.com\/wp-content\/uploads\/2026\/01\/DSC03407-scaled.jpg\" data-elementor-open-lightbox=\"yes\" data-elementor-lightbox-slideshow=\"6339c8e\" data-elementor-lightbox-title=\"Habitaci\u00f3n Ejecutiva Doble 02\" data-e-action-hash=\"#elementor-action%3Aaction%3Dlightbox%26settings%3DeyJpZCI6OTEzNywidXJsIjoiaHR0cHM6XC9cL2hvdGVscmVzaWRlbmNpYWRlbHNvbC5jb21cL3dwLWNvbnRlbnRcL3VwbG9hZHNcLzIwMjZcLzAxXC9EU0MwMzQwNy1zY2FsZWQuanBnIiwic2xpZGVzaG93IjoiNjMzOWM4ZSJ9\">\n\t\t\t\t\t<div class=\"e-gallery-image elementor-gallery-item__image\" data-thumbnail=\"https:\/\/hotelresidenciadelsol.com\/wp-content\/uploads\/2026\/01\/DSC03407-683x1024.jpg\" data-width=\"640\" data-height=\"960\" aria-label=\"\" role=\"img\" ><\/div>\n\t\t\t\t\t\t\t\t\t\t\t<div class=\"elementor-gallery-item__overlay\"><\/div>\n\t\t\t\t\t\t\t\t\t\t\t\t\t\t<\/a>\n\t\t\t\t\t<\/div>\n\t\t\t\t\t<\/div>\n\t\t<div class=\"elementor-element elementor-element-fb27fcf e-con-full e-flex e-con e-child\" data-id=\"fb27fcf\" data-element_type=\"container\">\n\t\t\t\t<div class=\"elementor-element elementor-element-9f2c32e elementor-widget elementor-widget-html\" data-id=\"9f2c32e\" data-element_type=\"widget\" data-widget_type=\"html.default\">\n\t\t\t\t\t<a href=\"https:\/\/wa.me\/50252130293\" target=\"_blank\" class=\"whatsapp-float\">\n  <img decoding=\"async\" src=\"https:\/\/upload.wikimedia.org\/wikipedia\/commons\/6\/6b\/WhatsApp.svg\" alt=\"WhatsApp\" \/>\n<\/a>\t\t\t\t<\/div>\n\t\t\t\t<\/div>\n\t\t\t\t\t<\/div>\n\t\t\t\t<\/div>\n\t\t\t\t<\/div>\n\t\t\t\t<\/div>","protected":false},"excerpt":{"rendered":"<p>Habitaci\u00f3n EjecutivaInicio Habitaci\u00f3n Ejecutiva Amplias habitaciones dise\u00f1adas para ofrecer privacidad y confort durante tu estad\u00eda. Cada Habitaci\u00f3n Ejecutiva cuenta con una o dos camas matrimoniales, con una ocupaci\u00f3n m\u00e1xima de dos o cuatro personas. Servicios y comodidades: \u2022 Wi-Fi gratuito \u2022 Smart TV<\/p>","protected":false},"author":1,"featured_media":0,"parent":0,"menu_order":0,"comment_status":"closed","ping_status":"closed","template":"elementor_header_footer","meta":{"footnotes":""},"class_list":["post-9129","page","type-page","status-publish","hentry"],"_hostinger_reach_plugin_has_subscription_block":false,"_hostinger_reach_plugin_is_elementor":false,"_links":{"self":[{"href":"https:\/\/hotelresidenciadelsol.com\/en\/wp-json\/wp\/v2\/pages\/9129","targetHints":{"allow":["GET"]}}],"collection":[{"href":"https:\/\/hotelresidenciadelsol.com\/en\/wp-json\/wp\/v2\/pages"}],"about":[{"href":"https:\/\/hotelresidenciadelsol.com\/en\/wp-json\/wp\/v2\/types\/page"}],"author":[{"embeddable":true,"href":"https:\/\/hotelresidenciadelsol.com\/en\/wp-json\/wp\/v2\/users\/1"}],"replies":[{"embeddable":true,"href":"https:\/\/hotelresidenciadelsol.com\/en\/wp-json\/wp\/v2\/comments?post=9129"}],"version-history":[{"count":20,"href":"https:\/\/hotelresidenciadelsol.com\/en\/wp-json\/wp\/v2\/pages\/9129\/revisions"}],"predecessor-version":[{"id":9329,"href":"https:\/\/hotelresidenciadelsol.com\/en\/wp-json\/wp\/v2\/pages\/9129\/revisions\/9329"}],"wp:attachment":[{"href":"https:\/\/hotelresidenciadelsol.com\/en\/wp-json\/wp\/v2\/media?parent=9129"}],"curies":[{"name":"wp","href":"https:\/\/api.w.org\/{rel}","templated":true}]}}