{"id":8398,"date":"2025-10-20T05:49:43","date_gmt":"2025-10-20T05:49:43","guid":{"rendered":"https:\/\/hotelresidenciadelsol.com\/?page_id=8398"},"modified":"2026-02-21T20:07:50","modified_gmt":"2026-02-21T20:07:50","slug":"habitacion-loft-2","status":"publish","type":"page","link":"https:\/\/hotelresidenciadelsol.com\/en\/habitacion-loft-2\/","title":{"rendered":"Habitaci\u00f3n Loft 2"},"content":{"rendered":"<div data-elementor-type=\"wp-page\" data-elementor-id=\"8398\" class=\"elementor elementor-8398\" data-elementor-post-type=\"page\">\n\t\t\t\t<div class=\"elementor-element elementor-element-5286482 e-con-full e-flex e-con e-parent\" data-id=\"5286482\" data-element_type=\"container\">\n\t\t\t\t<div class=\"elementor-element elementor-element-418db31 elementor--h-position-center elementor--v-position-middle elementor-arrows-position-inside elementor-pagination-position-inside elementor-widget elementor-widget-slides\" data-id=\"418db31\" data-element_type=\"widget\" data-settings=\"{&quot;navigation&quot;:&quot;both&quot;,&quot;autoplay&quot;:&quot;yes&quot;,&quot;pause_on_hover&quot;:&quot;yes&quot;,&quot;pause_on_interaction&quot;:&quot;yes&quot;,&quot;autoplay_speed&quot;:5000,&quot;infinite&quot;:&quot;yes&quot;,&quot;transition&quot;:&quot;slide&quot;,&quot;transition_speed&quot;:500}\" data-widget_type=\"slides.default\">\n\t\t\t\t\t\t\t\t\t\t<div class=\"elementor-slides-wrapper elementor-main-swiper swiper\" role=\"region\" aria-roledescription=\"carousel\" aria-label=\"Slides\" dir=\"ltr\" data-animation=\"fadeInUp\">\n\t\t\t\t<div class=\"swiper-wrapper elementor-slides\">\n\t\t\t\t\t\t\t\t\t\t<div class=\"elementor-repeater-item-a5c0a49 swiper-slide\" role=\"group\" aria-roledescription=\"slide\"><div class=\"swiper-slide-bg\" role=\"img\" aria-label=\"Loft_2_5\"><\/div><a class=\"swiper-slide-inner\" href=\"\/en\/home-page-01\/\"><div class=\"swiper-slide-contents\"><div class=\"elementor-slide-heading\">Loft (3 Bedrooms)<\/div><div  class=\"elementor-button elementor-slide-button elementor-size-sm\">Home<\/div><\/div><\/a><\/div>\t\t\t\t<\/div>\n\t\t\t\t\t\t\t<\/div>\n\t\t\t\t\t\t\t\t<\/div>\n\t\t\t\t<\/div>\n\t\t<div class=\"elementor-element elementor-element-406abf3 e-flex e-con-boxed e-con e-parent\" data-id=\"406abf3\" data-element_type=\"container\">\n\t\t\t\t\t<div class=\"e-con-inner\">\n\t\t\t\t<div class=\"elementor-element elementor-element-21faa50 elementor-widget elementor-widget-heading\" data-id=\"21faa50\" data-element_type=\"widget\" data-widget_type=\"heading.default\">\n\t\t\t\t\t<h2 class=\"elementor-heading-title elementor-size-default\">Loft (3 Bedrooms)<\/h2>\t\t\t\t<\/div>\n\t\t\t\t<div class=\"elementor-element elementor-element-06f5b14 elementor-widget elementor-widget-heading\" data-id=\"06f5b14\" data-element_type=\"widget\" data-widget_type=\"heading.default\">\n\t\t\t\t\t<h2 class=\"elementor-heading-title elementor-size-default\">A spacious two-level loft-style room, designed to provide privacy and comfort throughout your stay.\n\nIt features three bedrooms, two full bathrooms, and a two-story layout that includes a living-dining area and a kitchenette, making it ideal for longer stays or family travel.<br><br>\n\n<strong>Maximum occupancy:<\/strong> 6 guests<br><br>\n\n<strong>Bedroom #1:<\/strong> 2 Double Beds<br>\n<strong>Bedroom #2:<\/strong> 1 Double Bed<br>\n<strong>Bedroom #3:<\/strong> 2 Single Beds<br><br>\n\n<strong>Services and Amenities:<\/strong><br>\n\u2022 Complimentary Wi-Fi<br>\n\u2022 Smart TV\n<\/h2>\t\t\t\t<\/div>\n\t\t\t\t<div class=\"elementor-element elementor-element-4019c5b elementor-widget elementor-widget-html\" data-id=\"4019c5b\" data-element_type=\"widget\" data-widget_type=\"html.default\">\n\t\t\t\t\t<script src=\"https:\/\/hotels.cloudbeds.com\/widget\/load\/Q5qlmO\/horiz?newWindow=1\"><\/script>\t\t\t\t<\/div>\n\t\t\t\t<div class=\"elementor-element elementor-element-f6bf29e elementor-widget elementor-widget-gallery\" data-id=\"f6bf29e\" data-element_type=\"widget\" data-settings=\"{&quot;aspect_ratio&quot;:&quot;1:1&quot;,&quot;image_hover_animation&quot;:&quot;shrink-contained&quot;,&quot;lazyload&quot;:&quot;yes&quot;,&quot;gallery_layout&quot;:&quot;grid&quot;,&quot;columns&quot;:4,&quot;columns_tablet&quot;:2,&quot;columns_mobile&quot;:1,&quot;gap&quot;:{&quot;unit&quot;:&quot;px&quot;,&quot;size&quot;:10,&quot;sizes&quot;:[]},&quot;gap_tablet&quot;:{&quot;unit&quot;:&quot;px&quot;,&quot;size&quot;:10,&quot;sizes&quot;:[]},&quot;gap_mobile&quot;:{&quot;unit&quot;:&quot;px&quot;,&quot;size&quot;:10,&quot;sizes&quot;:[]},&quot;link_to&quot;:&quot;file&quot;,&quot;overlay_background&quot;:&quot;yes&quot;,&quot;content_hover_animation&quot;:&quot;fade-in&quot;}\" data-widget_type=\"gallery.default\">\n\t\t\t\t\t\t\t<div class=\"elementor-gallery__container\">\n\t\t\t\t\t\t\t<a class=\"e-gallery-item elementor-gallery-item elementor-animated-content\" href=\"https:\/\/hotelresidenciadelsol.com\/wp-content\/uploads\/2025\/10\/Loft_2_5-scaled.jpg\" data-elementor-open-lightbox=\"yes\" data-elementor-lightbox-slideshow=\"f6bf29e\" data-elementor-lightbox-title=\"Loft (3 Habitaciones) 04\" data-e-action-hash=\"#elementor-action%3Aaction%3Dlightbox%26settings%3DeyJpZCI6ODgwMCwidXJsIjoiaHR0cHM6XC9cL2hvdGVscmVzaWRlbmNpYWRlbHNvbC5jb21cL3dwLWNvbnRlbnRcL3VwbG9hZHNcLzIwMjVcLzEwXC9Mb2Z0XzJfNS1zY2FsZWQuanBnIiwic2xpZGVzaG93IjoiZjZiZjI5ZSJ9\">\n\t\t\t\t\t<div class=\"e-gallery-image elementor-gallery-item__image\" data-thumbnail=\"https:\/\/hotelresidenciadelsol.com\/wp-content\/uploads\/2025\/10\/Loft_2_5-scaled.jpg\" data-width=\"2560\" data-height=\"1707\" aria-label=\"\" role=\"img\" ><\/div>\n\t\t\t\t\t\t\t\t\t\t\t<div class=\"elementor-gallery-item__overlay\"><\/div>\n\t\t\t\t\t\t\t\t\t\t\t\t\t\t<\/a>\n\t\t\t\t\t\t\t<a class=\"e-gallery-item elementor-gallery-item elementor-animated-content\" href=\"https:\/\/hotelresidenciadelsol.com\/wp-content\/uploads\/2025\/10\/Loft_2_4-scaled.jpg\" data-elementor-open-lightbox=\"yes\" data-elementor-lightbox-slideshow=\"f6bf29e\" data-elementor-lightbox-title=\"Loft (3 Habitaciones) 02\" data-e-action-hash=\"#elementor-action%3Aaction%3Dlightbox%26settings%3DeyJpZCI6ODc5OCwidXJsIjoiaHR0cHM6XC9cL2hvdGVscmVzaWRlbmNpYWRlbHNvbC5jb21cL3dwLWNvbnRlbnRcL3VwbG9hZHNcLzIwMjVcLzEwXC9Mb2Z0XzJfNC1zY2FsZWQuanBnIiwic2xpZGVzaG93IjoiZjZiZjI5ZSJ9\">\n\t\t\t\t\t<div class=\"e-gallery-image elementor-gallery-item__image\" data-thumbnail=\"https:\/\/hotelresidenciadelsol.com\/wp-content\/uploads\/2025\/10\/Loft_2_4-scaled.jpg\" data-width=\"2560\" data-height=\"1707\" aria-label=\"\" role=\"img\" ><\/div>\n\t\t\t\t\t\t\t\t\t\t\t<div class=\"elementor-gallery-item__overlay\"><\/div>\n\t\t\t\t\t\t\t\t\t\t\t\t\t\t<\/a>\n\t\t\t\t\t\t\t<a class=\"e-gallery-item elementor-gallery-item elementor-animated-content\" href=\"https:\/\/hotelresidenciadelsol.com\/wp-content\/uploads\/2025\/10\/Loft_1-scaled.jpg\" data-elementor-open-lightbox=\"yes\" data-elementor-lightbox-slideshow=\"f6bf29e\" data-elementor-lightbox-title=\"Loft (3 Habitaciones) 08\" data-e-action-hash=\"#elementor-action%3Aaction%3Dlightbox%26settings%3DeyJpZCI6ODc4OSwidXJsIjoiaHR0cHM6XC9cL2hvdGVscmVzaWRlbmNpYWRlbHNvbC5jb21cL3dwLWNvbnRlbnRcL3VwbG9hZHNcLzIwMjVcLzEwXC9Mb2Z0XzEtc2NhbGVkLmpwZyIsInNsaWRlc2hvdyI6ImY2YmYyOWUifQ%3D%3D\">\n\t\t\t\t\t<div class=\"e-gallery-image elementor-gallery-item__image\" data-thumbnail=\"https:\/\/hotelresidenciadelsol.com\/wp-content\/uploads\/2025\/10\/Loft_1-scaled.jpg\" data-width=\"2560\" data-height=\"1707\" aria-label=\"\" role=\"img\" ><\/div>\n\t\t\t\t\t\t\t\t\t\t\t<div class=\"elementor-gallery-item__overlay\"><\/div>\n\t\t\t\t\t\t\t\t\t\t\t\t\t\t<\/a>\n\t\t\t\t\t\t\t<a class=\"e-gallery-item elementor-gallery-item elementor-animated-content\" href=\"https:\/\/hotelresidenciadelsol.com\/wp-content\/uploads\/2025\/10\/Loft_2_17-scaled.jpg\" data-elementor-open-lightbox=\"yes\" data-elementor-lightbox-slideshow=\"f6bf29e\" data-elementor-lightbox-title=\"Loft (3 Habitaciones) 05\" data-e-action-hash=\"#elementor-action%3Aaction%3Dlightbox%26settings%3DeyJpZCI6ODgwMiwidXJsIjoiaHR0cHM6XC9cL2hvdGVscmVzaWRlbmNpYWRlbHNvbC5jb21cL3dwLWNvbnRlbnRcL3VwbG9hZHNcLzIwMjVcLzEwXC9Mb2Z0XzJfMTctc2NhbGVkLmpwZyIsInNsaWRlc2hvdyI6ImY2YmYyOWUifQ%3D%3D\">\n\t\t\t\t\t<div class=\"e-gallery-image elementor-gallery-item__image\" data-thumbnail=\"https:\/\/hotelresidenciadelsol.com\/wp-content\/uploads\/2025\/10\/Loft_2_17-scaled.jpg\" data-width=\"2560\" data-height=\"1707\" aria-label=\"\" role=\"img\" ><\/div>\n\t\t\t\t\t\t\t\t\t\t\t<div class=\"elementor-gallery-item__overlay\"><\/div>\n\t\t\t\t\t\t\t\t\t\t\t\t\t\t<\/a>\n\t\t\t\t\t<\/div>\n\t\t\t\t\t<\/div>\n\t\t\t\t\t<\/div>\n\t\t\t\t<\/div>\n\t\t<div class=\"elementor-element elementor-element-3df8c8c e-flex e-con-boxed e-con e-parent\" data-id=\"3df8c8c\" data-element_type=\"container\">\n\t\t\t\t\t<div class=\"e-con-inner\">\n\t\t\t\t<div class=\"elementor-element elementor-element-6312939 elementor-widget elementor-widget-html\" data-id=\"6312939\" data-element_type=\"widget\" data-widget_type=\"html.default\">\n\t\t\t\t\t<a href=\"https:\/\/wa.me\/50252130293\" target=\"_blank\" class=\"whatsapp-float\">\n  <img decoding=\"async\" src=\"https:\/\/upload.wikimedia.org\/wikipedia\/commons\/6\/6b\/WhatsApp.svg\" alt=\"WhatsApp\" \/>\n<\/a>\n\t\t\t\t<\/div>\n\t\t\t\t\t<\/div>\n\t\t\t\t<\/div>\n\t\t\t\t<\/div>","protected":false},"excerpt":{"rendered":"<p>Loft (3 Habitaciones)Inicio Loft (3 Habitaciones) Espaciosa habitaci\u00f3n tipo loft de dos niveles, dise\u00f1ada para ofrecer privacidad y confort durante tu estad\u00eda. Cuenta con tres habitaciones, dos ba\u00f1os completos y una distribuci\u00f3n en dos pisos que incluye sala-comedor y kitchenette, ideal para estancias m\u00e1s largas o viajes en familia. Ocupaci\u00f3n m\u00e1xima: 6 personas. Habitaci\u00f3n #1: [&hellip;]<\/p>","protected":false},"author":1,"featured_media":0,"parent":0,"menu_order":0,"comment_status":"closed","ping_status":"closed","template":"elementor_header_footer","meta":{"footnotes":""},"class_list":["post-8398","page","type-page","status-publish","hentry"],"_hostinger_reach_plugin_has_subscription_block":false,"_hostinger_reach_plugin_is_elementor":false,"_links":{"self":[{"href":"https:\/\/hotelresidenciadelsol.com\/en\/wp-json\/wp\/v2\/pages\/8398","targetHints":{"allow":["GET"]}}],"collection":[{"href":"https:\/\/hotelresidenciadelsol.com\/en\/wp-json\/wp\/v2\/pages"}],"about":[{"href":"https:\/\/hotelresidenciadelsol.com\/en\/wp-json\/wp\/v2\/types\/page"}],"author":[{"embeddable":true,"href":"https:\/\/hotelresidenciadelsol.com\/en\/wp-json\/wp\/v2\/users\/1"}],"replies":[{"embeddable":true,"href":"https:\/\/hotelresidenciadelsol.com\/en\/wp-json\/wp\/v2\/comments?post=8398"}],"version-history":[{"count":43,"href":"https:\/\/hotelresidenciadelsol.com\/en\/wp-json\/wp\/v2\/pages\/8398\/revisions"}],"predecessor-version":[{"id":9313,"href":"https:\/\/hotelresidenciadelsol.com\/en\/wp-json\/wp\/v2\/pages\/8398\/revisions\/9313"}],"wp:attachment":[{"href":"https:\/\/hotelresidenciadelsol.com\/en\/wp-json\/wp\/v2\/media?parent=8398"}],"curies":[{"name":"wp","href":"https:\/\/api.w.org\/{rel}","templated":true}]}}