{"id":8388,"date":"2025-10-20T05:28:53","date_gmt":"2025-10-20T05:28:53","guid":{"rendered":"https:\/\/hotelresidenciadelsol.com\/?page_id=8388"},"modified":"2026-02-21T19:41:27","modified_gmt":"2026-02-21T19:41:27","slug":"habitacion-loft-1","status":"publish","type":"page","link":"https:\/\/hotelresidenciadelsol.com\/en\/habitacion-loft-1\/","title":{"rendered":"Habitaci\u00f3n Loft 1"},"content":{"rendered":"<div data-elementor-type=\"wp-page\" data-elementor-id=\"8388\" class=\"elementor elementor-8388\" data-elementor-post-type=\"page\">\n\t\t\t\t<div class=\"elementor-element elementor-element-810453c e-con-full e-flex e-con e-parent\" data-id=\"810453c\" data-element_type=\"container\">\n\t\t\t\t<div class=\"elementor-element elementor-element-0a9b576 elementor-widget__width-inherit elementor--h-position-center elementor--v-position-middle elementor-arrows-position-inside elementor-pagination-position-inside elementor-widget elementor-widget-slides\" data-id=\"0a9b576\" data-element_type=\"widget\" data-settings=\"{&quot;navigation&quot;:&quot;both&quot;,&quot;autoplay&quot;:&quot;yes&quot;,&quot;pause_on_hover&quot;:&quot;yes&quot;,&quot;pause_on_interaction&quot;:&quot;yes&quot;,&quot;autoplay_speed&quot;:5000,&quot;infinite&quot;:&quot;yes&quot;,&quot;transition&quot;:&quot;slide&quot;,&quot;transition_speed&quot;:500}\" data-widget_type=\"slides.default\">\n\t\t\t\t\t\t\t\t\t\t<div class=\"elementor-slides-wrapper elementor-main-swiper swiper\" role=\"region\" aria-roledescription=\"carousel\" aria-label=\"Slides\" dir=\"ltr\" data-animation=\"fadeInUp\">\n\t\t\t\t<div class=\"swiper-wrapper elementor-slides\">\n\t\t\t\t\t\t\t\t\t\t<div class=\"elementor-repeater-item-c9d7ed7 swiper-slide\" role=\"group\" aria-roledescription=\"slide\"><div class=\"swiper-slide-bg\" role=\"img\" aria-label=\"Loft (2 Habitaciones) 07\"><\/div><a class=\"swiper-slide-inner\" href=\"\/en\/home-page-01\/\" https=\"\"><div class=\"swiper-slide-contents\"><div class=\"elementor-slide-heading\">Loft (2 Bedrooms)<\/div><div class=\"elementor-slide-description\">\n<\/div><div  class=\"elementor-button elementor-slide-button elementor-size-sm\">Home<\/div><\/div><\/a><\/div>\t\t\t\t<\/div>\n\t\t\t\t\t\t\t<\/div>\n\t\t\t\t\t\t\t\t<\/div>\n\t\t\t\t<\/div>\n\t\t<div class=\"elementor-element elementor-element-2a8df8e e-flex e-con-boxed e-con e-parent\" data-id=\"2a8df8e\" data-element_type=\"container\">\n\t\t\t\t\t<div class=\"e-con-inner\">\n\t\t\t\t<div class=\"elementor-element elementor-element-ecea82f elementor-widget elementor-widget-heading\" data-id=\"ecea82f\" data-element_type=\"widget\" data-widget_type=\"heading.default\">\n\t\t\t\t\t<h2 class=\"elementor-heading-title elementor-size-default\">Loft (2 Bedrooms)<\/h2>\t\t\t\t<\/div>\n\t\t\t\t<div class=\"elementor-element elementor-element-da8fe71 elementor-widget elementor-widget-heading\" data-id=\"da8fe71\" data-element_type=\"widget\" data-widget_type=\"heading.default\">\n\t\t\t\t\t<h2 class=\"elementor-heading-title elementor-size-default\">A spacious two-level loft-style room, designed to provide privacy and comfort throughout your stay.\n\nThis suite features two bedrooms, two full bathrooms, and a two-story layout that includes a living-dining area and a kitchenette, making it ideal for longer stays or family travel.<br><br>\n\n<strong>Maximum occupancy:<\/strong> 6 guests<br><br>\n\n<strong>Bedroom #1:<\/strong> 2 Double Beds<br>\n<strong>Bedroom #2:<\/strong> 1 Double Bed (with Air Conditioning)<br><br>\n\n<strong>Services and Amenities:<\/strong><br>\n\u2022 Complimentary Wi-Fi<br>\n\u2022 Smart TV\n<\/h2>\t\t\t\t<\/div>\n\t\t\t\t<div class=\"elementor-element elementor-element-56e1527 elementor-widget elementor-widget-html\" data-id=\"56e1527\" data-element_type=\"widget\" data-widget_type=\"html.default\">\n\t\t\t\t\t<script src=\"https:\/\/hotels.cloudbeds.com\/widget\/load\/Q5qlmO\/horiz?newWindow=1\"><\/script>\t\t\t\t<\/div>\n\t\t\t\t<div class=\"elementor-element elementor-element-2b5ba42 elementor-widget elementor-widget-gallery\" data-id=\"2b5ba42\" data-element_type=\"widget\" data-settings=\"{&quot;aspect_ratio&quot;:&quot;1:1&quot;,&quot;lazyload&quot;:&quot;yes&quot;,&quot;gallery_layout&quot;:&quot;grid&quot;,&quot;columns&quot;:4,&quot;columns_tablet&quot;:2,&quot;columns_mobile&quot;:1,&quot;gap&quot;:{&quot;unit&quot;:&quot;px&quot;,&quot;size&quot;:10,&quot;sizes&quot;:[]},&quot;gap_tablet&quot;:{&quot;unit&quot;:&quot;px&quot;,&quot;size&quot;:10,&quot;sizes&quot;:[]},&quot;gap_mobile&quot;:{&quot;unit&quot;:&quot;px&quot;,&quot;size&quot;:10,&quot;sizes&quot;:[]},&quot;link_to&quot;:&quot;file&quot;,&quot;overlay_background&quot;:&quot;yes&quot;,&quot;content_hover_animation&quot;:&quot;fade-in&quot;}\" data-widget_type=\"gallery.default\">\n\t\t\t\t\t\t\t<div class=\"elementor-gallery__container\">\n\t\t\t\t\t\t\t<a class=\"e-gallery-item elementor-gallery-item elementor-animated-content\" href=\"https:\/\/hotelresidenciadelsol.com\/wp-content\/uploads\/2025\/10\/Loft_1_5-scaled.jpg\" data-elementor-open-lightbox=\"yes\" data-elementor-lightbox-slideshow=\"2b5ba42\" data-elementor-lightbox-title=\"Loft (2 Habitaciones) 07\" data-e-action-hash=\"#elementor-action%3Aaction%3Dlightbox%26settings%3DeyJpZCI6ODYzMCwidXJsIjoiaHR0cHM6XC9cL2hvdGVscmVzaWRlbmNpYWRlbHNvbC5jb21cL3dwLWNvbnRlbnRcL3VwbG9hZHNcLzIwMjVcLzEwXC9Mb2Z0XzFfNS1zY2FsZWQuanBnIiwic2xpZGVzaG93IjoiMmI1YmE0MiJ9\">\n\t\t\t\t\t<div class=\"e-gallery-image elementor-gallery-item__image\" data-thumbnail=\"https:\/\/hotelresidenciadelsol.com\/wp-content\/uploads\/2025\/10\/Loft_1_5-scaled.jpg\" data-width=\"2560\" data-height=\"1706\" aria-label=\"\" role=\"img\" ><\/div>\n\t\t\t\t\t\t\t\t\t\t\t<div class=\"elementor-gallery-item__overlay\"><\/div>\n\t\t\t\t\t\t\t\t\t\t\t\t\t\t<\/a>\n\t\t\t\t\t\t\t<a class=\"e-gallery-item elementor-gallery-item elementor-animated-content\" href=\"https:\/\/hotelresidenciadelsol.com\/wp-content\/uploads\/2025\/10\/Loft_1_14-1-scaled.jpg\" data-elementor-open-lightbox=\"yes\" data-elementor-lightbox-slideshow=\"2b5ba42\" data-elementor-lightbox-title=\"Loft (2 Habitaciones) 05\" data-e-action-hash=\"#elementor-action%3Aaction%3Dlightbox%26settings%3DeyJpZCI6ODc4NywidXJsIjoiaHR0cHM6XC9cL2hvdGVscmVzaWRlbmNpYWRlbHNvbC5jb21cL3dwLWNvbnRlbnRcL3VwbG9hZHNcLzIwMjVcLzEwXC9Mb2Z0XzFfMTQtMS1zY2FsZWQuanBnIiwic2xpZGVzaG93IjoiMmI1YmE0MiJ9\">\n\t\t\t\t\t<div class=\"e-gallery-image elementor-gallery-item__image\" data-thumbnail=\"https:\/\/hotelresidenciadelsol.com\/wp-content\/uploads\/2025\/10\/Loft_1_14-1-scaled.jpg\" data-width=\"2560\" data-height=\"1707\" aria-label=\"\" role=\"img\" ><\/div>\n\t\t\t\t\t\t\t\t\t\t\t<div class=\"elementor-gallery-item__overlay\"><\/div>\n\t\t\t\t\t\t\t\t\t\t\t\t\t\t<\/a>\n\t\t\t\t\t\t\t<a class=\"e-gallery-item elementor-gallery-item elementor-animated-content\" href=\"https:\/\/hotelresidenciadelsol.com\/wp-content\/uploads\/2025\/09\/DSC03516-scaled.jpg\" data-elementor-open-lightbox=\"yes\" data-elementor-lightbox-slideshow=\"2b5ba42\" data-elementor-lightbox-title=\"Loft (2 Habitaciones) 01\" data-e-action-hash=\"#elementor-action%3Aaction%3Dlightbox%26settings%3DeyJpZCI6Nzg1NSwidXJsIjoiaHR0cHM6XC9cL2hvdGVscmVzaWRlbmNpYWRlbHNvbC5jb21cL3dwLWNvbnRlbnRcL3VwbG9hZHNcLzIwMjVcLzA5XC9EU0MwMzUxNi1zY2FsZWQuanBnIiwic2xpZGVzaG93IjoiMmI1YmE0MiJ9\">\n\t\t\t\t\t<div class=\"e-gallery-image elementor-gallery-item__image\" data-thumbnail=\"https:\/\/hotelresidenciadelsol.com\/wp-content\/uploads\/2025\/09\/DSC03516-scaled.jpg\" data-width=\"2560\" data-height=\"1707\" aria-label=\"\" role=\"img\" ><\/div>\n\t\t\t\t\t\t\t\t\t\t\t<div class=\"elementor-gallery-item__overlay\"><\/div>\n\t\t\t\t\t\t\t\t\t\t\t\t\t\t<\/a>\n\t\t\t\t\t\t\t<a class=\"e-gallery-item elementor-gallery-item elementor-animated-content\" href=\"https:\/\/hotelresidenciadelsol.com\/wp-content\/uploads\/2025\/10\/Loft_1_15-scaled.jpg\" data-elementor-open-lightbox=\"yes\" data-elementor-lightbox-slideshow=\"2b5ba42\" data-elementor-lightbox-title=\"Loft (2 Habitaciones) 05\" data-e-action-hash=\"#elementor-action%3Aaction%3Dlightbox%26settings%3DeyJpZCI6ODc4OCwidXJsIjoiaHR0cHM6XC9cL2hvdGVscmVzaWRlbmNpYWRlbHNvbC5jb21cL3dwLWNvbnRlbnRcL3VwbG9hZHNcLzIwMjVcLzEwXC9Mb2Z0XzFfMTUtc2NhbGVkLmpwZyIsInNsaWRlc2hvdyI6IjJiNWJhNDIifQ%3D%3D\">\n\t\t\t\t\t<div class=\"e-gallery-image elementor-gallery-item__image\" data-thumbnail=\"https:\/\/hotelresidenciadelsol.com\/wp-content\/uploads\/2025\/10\/Loft_1_15-scaled.jpg\" data-width=\"2560\" data-height=\"1707\" aria-label=\"\" role=\"img\" ><\/div>\n\t\t\t\t\t\t\t\t\t\t\t<div class=\"elementor-gallery-item__overlay\"><\/div>\n\t\t\t\t\t\t\t\t\t\t\t\t\t\t<\/a>\n\t\t\t\t\t<\/div>\n\t\t\t\t\t<\/div>\n\t\t\t\t\t<\/div>\n\t\t\t\t<\/div>\n\t\t<div class=\"elementor-element elementor-element-fc296c5 e-flex e-con-boxed e-con e-parent\" data-id=\"fc296c5\" data-element_type=\"container\">\n\t\t\t\t\t<div class=\"e-con-inner\">\n\t\t\t\t<div class=\"elementor-element elementor-element-6f3e4bd elementor-widget elementor-widget-html\" data-id=\"6f3e4bd\" data-element_type=\"widget\" data-widget_type=\"html.default\">\n\t\t\t\t\t<a href=\"https:\/\/wa.me\/50252130293\" target=\"_blank\" class=\"whatsapp-float\">\n  <img decoding=\"async\" src=\"https:\/\/upload.wikimedia.org\/wikipedia\/commons\/6\/6b\/WhatsApp.svg\" alt=\"WhatsApp\" \/>\n<\/a>\n\t\t\t\t<\/div>\n\t\t\t\t\t<\/div>\n\t\t\t\t<\/div>\n\t\t\t\t<\/div>","protected":false},"excerpt":{"rendered":"<p>Loft (2 Habitaciones) Inicio Loft (2 Habitaciones) Espaciosa habitaci\u00f3n tipo Loft de dos niveles, dise\u00f1ada para ofrecer privacidad y confort durante tu estad\u00eda. Esta suite cuenta con dos habitaciones, dos ba\u00f1os completos y una distribuci\u00f3n en dos pisos que incluye sala-comedor y kitchenette, ideal para estancias m\u00e1s largas o viajes en familia. Ocupaci\u00f3n m\u00e1xima: 6 [&hellip;]<\/p>","protected":false},"author":1,"featured_media":0,"parent":0,"menu_order":0,"comment_status":"closed","ping_status":"closed","template":"elementor_header_footer","meta":{"footnotes":""},"class_list":["post-8388","page","type-page","status-publish","hentry"],"_hostinger_reach_plugin_has_subscription_block":false,"_hostinger_reach_plugin_is_elementor":false,"_links":{"self":[{"href":"https:\/\/hotelresidenciadelsol.com\/en\/wp-json\/wp\/v2\/pages\/8388","targetHints":{"allow":["GET"]}}],"collection":[{"href":"https:\/\/hotelresidenciadelsol.com\/en\/wp-json\/wp\/v2\/pages"}],"about":[{"href":"https:\/\/hotelresidenciadelsol.com\/en\/wp-json\/wp\/v2\/types\/page"}],"author":[{"embeddable":true,"href":"https:\/\/hotelresidenciadelsol.com\/en\/wp-json\/wp\/v2\/users\/1"}],"replies":[{"embeddable":true,"href":"https:\/\/hotelresidenciadelsol.com\/en\/wp-json\/wp\/v2\/comments?post=8388"}],"version-history":[{"count":49,"href":"https:\/\/hotelresidenciadelsol.com\/en\/wp-json\/wp\/v2\/pages\/8388\/revisions"}],"predecessor-version":[{"id":9309,"href":"https:\/\/hotelresidenciadelsol.com\/en\/wp-json\/wp\/v2\/pages\/8388\/revisions\/9309"}],"wp:attachment":[{"href":"https:\/\/hotelresidenciadelsol.com\/en\/wp-json\/wp\/v2\/media?parent=8388"}],"curies":[{"name":"wp","href":"https:\/\/api.w.org\/{rel}","templated":true}]}}